{"id":71,"date":"2024-07-03T19:37:32","date_gmt":"2024-07-03T19:37:32","guid":{"rendered":"https:\/\/pracowniaprezentacji.pl\/?page_id=71"},"modified":"2024-11-26T19:51:33","modified_gmt":"2024-11-26T19:51:33","slug":"71-2","status":"publish","type":"page","link":"https:\/\/pracowniaprezentacji.pl\/","title":{"rendered":"O NAS"},"content":{"rendered":"\n<p><\/p>\n\n\n\n<h2 class=\"wp-block-heading has-text-align-center has-cyan-bluish-gray-color has-text-color has-link-color wp-elements-f7dd9245f2b874f71a635b77685e3e50\" style=\"margin-top:0;margin-right:0;margin-bottom:0;margin-left:0;font-size:25px;font-style:normal;font-weight:200;letter-spacing:2px;text-decoration:none;text-transform:none\"><strong>TWORZYMY TYLKO TAKIE PREZENTACJE, <\/strong><\/h2>\n\n\n\n<h2 class=\"wp-block-heading has-text-align-center has-cyan-bluish-gray-color has-text-color has-link-color wp-elements-22e223a0bb81eb215503232f9784d3a1\" style=\"margin-top:0;margin-right:0;margin-bottom:0;margin-left:0;font-size:25px;font-style:normal;font-weight:200;letter-spacing:2px;text-decoration:none;text-transform:none\"><strong>KT\u00d3RE SAMI CHCIELIBY\u015aMY OGL\u0104DA\u0106.<\/strong><\/h2>\n\n\n\n<p><\/p>\n\n\n\n<h2 class=\"wp-block-heading has-text-align-center\" style=\"font-size:20px;font-style:normal;font-weight:200;letter-spacing:2px;text-decoration:none;text-transform:none\">Redagujemy tre\u015bci, opracowujemy dane, wykonujemy szyte na miar\u0119 grafiki, <\/h2>\n\n\n\n<h2 class=\"wp-block-heading has-text-align-center\" style=\"font-size:20px;font-style:normal;font-weight:200;letter-spacing:2px;text-decoration:none;text-transform:none\">zamieniamy informacje w ciekawe historie.<\/h2>\n\n\n\n<p><\/p>\n\n\n\n<h2 class=\"wp-block-heading has-text-align-center\" style=\"font-size:20px;font-style:normal;font-weight:200;letter-spacing:2px;text-decoration:none;text-transform:none\">Szukamy nieszablonowych rozwi\u0105za\u0144,\u00a0aby Tw\u00f3j przekaz by\u0142 merytoryczny <\/h2>\n\n\n\n<h2 class=\"wp-block-heading has-text-align-center\" style=\"font-size:20px;font-style:normal;font-weight:200;letter-spacing:2px;text-decoration:none;text-transform:none\">i jednocze\u015bnie atrakcyjny dla odbiorcy.<\/h2>\n\n\n\n<p><\/p>\n\n\n\n<h2 class=\"wp-block-heading has-text-align-center\" style=\"font-size:20px;font-style:normal;font-weight:200;letter-spacing:2px;text-decoration:none;text-transform:none\">Wychodzimy z za\u0142o\u017cenia, \u017ce prezentacja nie jest dla autora, ale dla odbiorcy.<\/h2>\n\n\n\n<p><\/p>\n\n\n\n<p><\/p>\n","protected":false},"excerpt":{"rendered":"<p>TWORZYMY TYLKO TAKIE PREZENTACJE, KT\u00d3RE SAMI CHCIELIBY\u015aMY OGL\u0104DA\u0106. Redagujemy tre\u015bci, opracowujemy dane, wykonujemy szyte na miar\u0119 grafiki, zamieniamy informacje w [&hellip;]<\/p>\n","protected":false},"author":1,"featured_media":0,"parent":0,"menu_order":0,"comment_status":"closed","ping_status":"closed","template":"","meta":{"site-sidebar-layout":"default","site-content-layout":"","ast-site-content-layout":"default","site-content-style":"default","site-sidebar-style":"default","ast-global-header-display":"","ast-banner-title-visibility":"","ast-main-header-display":"","ast-hfb-above-header-display":"","ast-hfb-below-header-display":"","ast-hfb-mobile-header-display":"","site-post-title":"disabled","ast-breadcrumbs-content":"","ast-featured-img":"","footer-sml-layout":"","ast-disable-related-posts":"","theme-transparent-header-meta":"","adv-header-id-meta":"","stick-header-meta":"","header-above-stick-meta":"","header-main-stick-meta":"","header-below-stick-meta":"","astra-migrate-meta-layouts":"default","ast-page-background-enabled":"default","ast-page-background-meta":{"desktop":{"background-color":"var(--ast-global-color-4)","background-image":"","background-repeat":"repeat","background-position":"center center","background-size":"auto","background-attachment":"scroll","background-type":"","background-media":"","overlay-type":"","overlay-color":"","overlay-opacity":"","overlay-gradient":""},"tablet":{"background-color":"","background-image":"","background-repeat":"repeat","background-position":"center center","background-size":"auto","background-attachment":"scroll","background-type":"","background-media":"","overlay-type":"","overlay-color":"","overlay-opacity":"","overlay-gradient":""},"mobile":{"background-color":"","background-image":"","background-repeat":"repeat","background-position":"center center","background-size":"auto","background-attachment":"scroll","background-type":"","background-media":"","overlay-type":"","overlay-color":"","overlay-opacity":"","overlay-gradient":""}},"ast-content-background-meta":{"desktop":{"background-color":"var(--ast-global-color-5)","background-image":"","background-repeat":"repeat","background-position":"center center","background-size":"auto","background-attachment":"scroll","background-type":"","background-media":"","overlay-type":"","overlay-color":"","overlay-opacity":"","overlay-gradient":""},"tablet":{"background-color":"var(--ast-global-color-5)","background-image":"","background-repeat":"repeat","background-position":"center center","background-size":"auto","background-attachment":"scroll","background-type":"","background-media":"","overlay-type":"","overlay-color":"","overlay-opacity":"","overlay-gradient":""},"mobile":{"background-color":"var(--ast-global-color-5)","background-image":"","background-repeat":"repeat","background-position":"center center","background-size":"auto","background-attachment":"scroll","background-type":"","background-media":"","overlay-type":"","overlay-color":"","overlay-opacity":"","overlay-gradient":""}},"footnotes":""},"_links":{"self":[{"href":"https:\/\/pracowniaprezentacji.pl\/index.php\/wp-json\/wp\/v2\/pages\/71"}],"collection":[{"href":"https:\/\/pracowniaprezentacji.pl\/index.php\/wp-json\/wp\/v2\/pages"}],"about":[{"href":"https:\/\/pracowniaprezentacji.pl\/index.php\/wp-json\/wp\/v2\/types\/page"}],"author":[{"embeddable":true,"href":"https:\/\/pracowniaprezentacji.pl\/index.php\/wp-json\/wp\/v2\/users\/1"}],"replies":[{"embeddable":true,"href":"https:\/\/pracowniaprezentacji.pl\/index.php\/wp-json\/wp\/v2\/comments?post=71"}],"version-history":[{"count":25,"href":"https:\/\/pracowniaprezentacji.pl\/index.php\/wp-json\/wp\/v2\/pages\/71\/revisions"}],"predecessor-version":[{"id":219,"href":"https:\/\/pracowniaprezentacji.pl\/index.php\/wp-json\/wp\/v2\/pages\/71\/revisions\/219"}],"wp:attachment":[{"href":"https:\/\/pracowniaprezentacji.pl\/index.php\/wp-json\/wp\/v2\/media?parent=71"}],"curies":[{"name":"wp","href":"https:\/\/api.w.org\/{rel}","templated":true}]}}